{"id":48793,"date":"2024-03-08T08:31:10","date_gmt":"2024-03-08T08:31:10","guid":{"rendered":"https:\/\/aspeagro.com\/?page_id=48793"},"modified":"2024-11-15T10:45:24","modified_gmt":"2024-11-15T10:45:24","slug":"adjuvants","status":"publish","type":"page","link":"https:\/\/aspeagro.com\/fr\/adjuvants\/","title":{"rendered":"Adjuvants products"},"content":{"rendered":"<div data-elementor-type=\"wp-page\" data-elementor-id=\"48793\" class=\"elementor elementor-48793\" data-elementor-post-type=\"page\">\n\t\t\t\t<div class=\"elementor-element elementor-element-6ffd64f9 e-con-full e-flex e-con e-parent\" data-id=\"6ffd64f9\" data-element_type=\"container\" data-e-type=\"container\">\n\t\t\t\t<div class=\"elementor-element elementor-element-3086bbda elementor-widget elementor-widget-heading\" data-id=\"3086bbda\" data-element_type=\"widget\" data-e-type=\"widget\" data-widget_type=\"heading.default\">\n\t\t\t\t<div class=\"elementor-widget-container\">\n\t\t\t\t\t<h2 class=\"elementor-heading-title elementor-size-default\">ADJUVANTS<\/h2>\t\t\t\t<\/div>\n\t\t\t\t<\/div>\n\t\t\t\t<\/div>\n\t\t<div class=\"elementor-element elementor-element-c80311e e-flex e-con-boxed e-con e-parent\" data-id=\"c80311e\" data-element_type=\"container\" data-e-type=\"container\">\n\t\t\t\t\t<div class=\"e-con-inner\">\n\t\t\t\t<div class=\"elementor-element elementor-element-70004ab gallery-spacing-custom elementor-widget elementor-widget-image-gallery\" data-id=\"70004ab\" data-element_type=\"widget\" data-e-type=\"widget\" data-widget_type=\"image-gallery.default\">\n\t\t\t\t<div class=\"elementor-widget-container\">\n\t\t\t\t\t\t\t<div class=\"elementor-image-gallery\">\n\t\t\t\n\t\t<style>\n\t\t\t#gallery-1 {\n\t\t\t\tmargin: auto;\n\t\t\t}\n\t\t\t#gallery-1 .gallery-item {\n\t\t\t\tfloat: left;\n\t\t\t\tmargin-top: 10px;\n\t\t\t\ttext-align: center;\n\t\t\t\twidth: 50%;\n\t\t\t}\n\t\t\t#gallery-1 img {\n\t\t\t\tborder: 2px solid #cfcfcf;\n\t\t\t}\n\t\t\t#gallery-1 .gallery-caption {\n\t\t\t\tmargin-left: 0;\n\t\t\t}\n\t\t\t\/* see gallery_shortcode() in wp-includes\/media.php *\/\n\t\t<\/style>\n\t\t<div id='gallery-1' class='gallery galleryid-48793 gallery-columns-2 gallery-size-medium'><dl class='gallery-item'>\n\t\t\t<dt class='gallery-icon portrait'>\n\t\t\t\t<a data-elementor-open-lightbox=\"yes\" data-elementor-lightbox-slideshow=\"70004ab\" data-elementor-lightbox-title=\"Lenol_700\" data-e-action-hash=\"#elementor-action%3Aaction%3Dlightbox%26settings%3DeyJpZCI6NDg3OTUsInVybCI6Imh0dHBzOlwvXC9hc3BlYWdyby5jb21cL3dwLWNvbnRlbnRcL3VwbG9hZHNcLzIwMjRcLzAzXC9zYV9wYWNraW5nX2tlbG9tX2xlbm9sXzcwMC1zY2FsZWQuanBnIiwic2xpZGVzaG93IjoiNzAwMDRhYiJ9\" href='https:\/\/aspeagro.com\/wp-content\/uploads\/2024\/03\/sa_packing_kelom_lenol_700-scaled.jpg'><img fetchpriority=\"high\" decoding=\"async\" width=\"212\" height=\"300\" src=\"https:\/\/aspeagro.com\/wp-content\/uploads\/2024\/03\/sa_packing_kelom_lenol_700-212x300.jpg\" class=\"attachment-medium size-medium\" alt=\"Adjuvants\" aria-describedby=\"gallery-1-48795\" srcset=\"https:\/\/aspeagro.com\/wp-content\/uploads\/2024\/03\/sa_packing_kelom_lenol_700-212x300.jpg 212w, https:\/\/aspeagro.com\/wp-content\/uploads\/2024\/03\/sa_packing_kelom_lenol_700-724x1024.jpg 724w, https:\/\/aspeagro.com\/wp-content\/uploads\/2024\/03\/sa_packing_kelom_lenol_700-768x1086.jpg 768w, https:\/\/aspeagro.com\/wp-content\/uploads\/2024\/03\/sa_packing_kelom_lenol_700-1086x1536.jpg 1086w, https:\/\/aspeagro.com\/wp-content\/uploads\/2024\/03\/sa_packing_kelom_lenol_700-1448x2048.jpg 1448w, https:\/\/aspeagro.com\/wp-content\/uploads\/2024\/03\/sa_packing_kelom_lenol_700-1200x1697.jpg 1200w, https:\/\/aspeagro.com\/wp-content\/uploads\/2024\/03\/sa_packing_kelom_lenol_700-scaled.jpg 1810w\" sizes=\"(max-width: 212px) 100vw, 212px\" \/><\/a>\n\t\t\t<\/dt>\n\t\t\t\t<dd class='wp-caption-text gallery-caption' id='gallery-1-48795'>\n\t\t\t\t<h3>Lenol 700<\/h3><strong>ADJUVANT. P\u00c9N\u00c9TRANT \u2013 SURFACTANT \u2013 ACIDIFIANT<br><\/strong><br><strong>Composition \/ % m\/m<\/strong><br>L\u00e9cithine 35,0 %<br>Acide propionique 35,0 %<br>Alcool lin\u00e9aire \u00e9thoxyl\u00e9 10,9 %<br><br>\n\t\t\t\t<\/dd><\/dl><dl class='gallery-item'>\n\t\t\t<dt class='gallery-icon portrait'>\n\t\t\t\t<a data-elementor-open-lightbox=\"yes\" data-elementor-lightbox-slideshow=\"70004ab\" data-elementor-lightbox-title=\"pine_96\" data-e-action-hash=\"#elementor-action%3Aaction%3Dlightbox%26settings%3DeyJpZCI6NDg3OTYsInVybCI6Imh0dHBzOlwvXC9hc3BlYWdyby5jb21cL3dwLWNvbnRlbnRcL3VwbG9hZHNcLzIwMjRcLzAzXC9zYV9wYWNraW5nX2tlbG9tX3BpbmVfOTYtc2NhbGVkLmpwZyIsInNsaWRlc2hvdyI6IjcwMDA0YWIifQ%3D%3D\" href='https:\/\/aspeagro.com\/wp-content\/uploads\/2024\/03\/sa_packing_kelom_pine_96-scaled.jpg'><img decoding=\"async\" width=\"212\" height=\"300\" src=\"https:\/\/aspeagro.com\/wp-content\/uploads\/2024\/03\/sa_packing_kelom_pine_96-212x300.jpg\" class=\"attachment-medium size-medium\" alt=\"Adjuvants\" aria-describedby=\"gallery-1-48796\" srcset=\"https:\/\/aspeagro.com\/wp-content\/uploads\/2024\/03\/sa_packing_kelom_pine_96-212x300.jpg 212w, https:\/\/aspeagro.com\/wp-content\/uploads\/2024\/03\/sa_packing_kelom_pine_96-724x1024.jpg 724w, https:\/\/aspeagro.com\/wp-content\/uploads\/2024\/03\/sa_packing_kelom_pine_96-768x1086.jpg 768w, https:\/\/aspeagro.com\/wp-content\/uploads\/2024\/03\/sa_packing_kelom_pine_96-1086x1536.jpg 1086w, https:\/\/aspeagro.com\/wp-content\/uploads\/2024\/03\/sa_packing_kelom_pine_96-1448x2048.jpg 1448w, https:\/\/aspeagro.com\/wp-content\/uploads\/2024\/03\/sa_packing_kelom_pine_96-1200x1697.jpg 1200w, https:\/\/aspeagro.com\/wp-content\/uploads\/2024\/03\/sa_packing_kelom_pine_96-scaled.jpg 1810w\" sizes=\"(max-width: 212px) 100vw, 212px\" \/><\/a>\n\t\t\t<\/dt>\n\t\t\t\t<dd class='wp-caption-text gallery-caption' id='gallery-1-48796'>\n\t\t\t\t<h3>Pine 96<\/h3><strong>ADJUVANT. ENCAPSULATEUR NATUREL<br><\/strong><br><strong>Composition \/ % m\/m<\/strong><br>Polym\u00e8res terp\u00e9niques 96 %<br>pH 6,5<br>\n\t\t\t\t<\/dd><\/dl><br style=\"clear: both\" \/>\n\t\t<\/div>\n\t\t<\/div>\n\t\t\t\t\t\t<\/div>\n\t\t\t\t<\/div>\n\t\t\t\t\t<\/div>\n\t\t\t\t<\/div>\n\t\t\t\t<\/div>","protected":false},"excerpt":{"rendered":"<p>Adjuvants Lenol 700 ADJUVANT. PENETRANT &#8211; SURFACTANT &#8211; ACIDIFIERComposition \/ %w\/wLecithin 35.0Propionic acid 35.0Linear Ethoxylated Alcohol 10.9 Pine 96 ADJUVANT. NATURAL ENCAPSULATORComposition \/ %w\/wPolymers terpene 96Ph 6,5<\/p>","protected":false},"author":1,"featured_media":0,"parent":0,"menu_order":0,"comment_status":"closed","ping_status":"closed","template":"elementor_header_footer","meta":{"footnotes":""},"class_list":["post-48793","page","type-page","status-publish","hentry"],"_links":{"self":[{"href":"https:\/\/aspeagro.com\/fr\/wp-json\/wp\/v2\/pages\/48793","targetHints":{"allow":["GET"]}}],"collection":[{"href":"https:\/\/aspeagro.com\/fr\/wp-json\/wp\/v2\/pages"}],"about":[{"href":"https:\/\/aspeagro.com\/fr\/wp-json\/wp\/v2\/types\/page"}],"author":[{"embeddable":true,"href":"https:\/\/aspeagro.com\/fr\/wp-json\/wp\/v2\/users\/1"}],"replies":[{"embeddable":true,"href":"https:\/\/aspeagro.com\/fr\/wp-json\/wp\/v2\/comments?post=48793"}],"version-history":[{"count":20,"href":"https:\/\/aspeagro.com\/fr\/wp-json\/wp\/v2\/pages\/48793\/revisions"}],"predecessor-version":[{"id":51126,"href":"https:\/\/aspeagro.com\/fr\/wp-json\/wp\/v2\/pages\/48793\/revisions\/51126"}],"wp:attachment":[{"href":"https:\/\/aspeagro.com\/fr\/wp-json\/wp\/v2\/media?parent=48793"}],"curies":[{"name":"wp","href":"https:\/\/api.w.org\/{rel}","templated":true}]}}