{"id":48851,"date":"2024-03-09T10:53:24","date_gmt":"2024-03-09T10:53:24","guid":{"rendered":"https:\/\/aspeagro.com\/?page_id=48851"},"modified":"2026-01-30T11:38:40","modified_gmt":"2026-01-30T11:38:40","slug":"biostimulants","status":"publish","type":"page","link":"https:\/\/aspeagro.com\/fr\/biostimulants\/","title":{"rendered":"Biostimulants products"},"content":{"rendered":"<div data-elementor-type=\"wp-page\" data-elementor-id=\"48851\" class=\"elementor elementor-48851\" data-elementor-post-type=\"page\">\n\t\t\t\t<div class=\"elementor-element elementor-element-2c348390 e-flex e-con-boxed e-con e-parent\" data-id=\"2c348390\" data-element_type=\"container\" data-e-type=\"container\">\n\t\t\t\t\t<div class=\"e-con-inner\">\n\t\t\t\t<div class=\"elementor-element elementor-element-6ec6afe1 elementor-widget elementor-widget-heading\" data-id=\"6ec6afe1\" data-element_type=\"widget\" data-e-type=\"widget\" data-widget_type=\"heading.default\">\n\t\t\t\t<div class=\"elementor-widget-container\">\n\t\t\t\t\t<h2 class=\"elementor-heading-title elementor-size-default\">BIOSTIMULANTS<\/h2>\t\t\t\t<\/div>\n\t\t\t\t<\/div>\n\t\t\t\t\t<\/div>\n\t\t\t\t<\/div>\n\t\t<div class=\"elementor-element elementor-element-6c0d42d6 e-flex e-con-boxed e-con e-parent\" data-id=\"6c0d42d6\" data-element_type=\"container\" data-e-type=\"container\">\n\t\t\t\t\t<div class=\"e-con-inner\">\n\t\t\t\t<div class=\"elementor-element elementor-element-8761ee8 gallery-spacing-custom elementor-widget elementor-widget-image-gallery\" data-id=\"8761ee8\" data-element_type=\"widget\" data-e-type=\"widget\" data-widget_type=\"image-gallery.default\">\n\t\t\t\t<div class=\"elementor-widget-container\">\n\t\t\t\t\t\t\t<div class=\"elementor-image-gallery\">\n\t\t\t\n\t\t<style>\n\t\t\t#gallery-1 {\n\t\t\t\tmargin: auto;\n\t\t\t}\n\t\t\t#gallery-1 .gallery-item {\n\t\t\t\tfloat: left;\n\t\t\t\tmargin-top: 10px;\n\t\t\t\ttext-align: center;\n\t\t\t\twidth: 50%;\n\t\t\t}\n\t\t\t#gallery-1 img {\n\t\t\t\tborder: 2px solid #cfcfcf;\n\t\t\t}\n\t\t\t#gallery-1 .gallery-caption {\n\t\t\t\tmargin-left: 0;\n\t\t\t}\n\t\t\t\/* see gallery_shortcode() in wp-includes\/media.php *\/\n\t\t<\/style>\n\t\t<div id='gallery-1' class='gallery galleryid-48851 gallery-columns-2 gallery-size-medium'><dl class='gallery-item'>\n\t\t\t<dt class='gallery-icon portrait'>\n\t\t\t\t<a data-elementor-open-lightbox=\"yes\" data-elementor-lightbox-slideshow=\"8761ee8\" data-elementor-lightbox-title=\"A9spmon3_19nrxfg_3u0\" data-elementor-lightbox-description=\"&lt;strong&gt;Altya&lt;\/strong&gt; &lt;br&gt;Organic Biostimulant - Seaweed Extracts + Aminoacids\" data-e-action-hash=\"#elementor-action%3Aaction%3Dlightbox%26settings%3DeyJpZCI6NTIyNTEsInVybCI6Imh0dHBzOlwvXC9hc3BlYWdyby5jb21cL3dwLWNvbnRlbnRcL3VwbG9hZHNcLzIwMjZcLzAxXC9BOXNwbW9uM18xOW5yeGZnXzN1MC5wbmciLCJzbGlkZXNob3ciOiI4NzYxZWU4In0%3D\" href='https:\/\/aspeagro.com\/wp-content\/uploads\/2026\/01\/A9spmon3_19nrxfg_3u0-1.png'><img fetchpriority=\"high\" decoding=\"async\" width=\"212\" height=\"300\" src=\"https:\/\/aspeagro.com\/wp-content\/uploads\/2026\/01\/A9spmon3_19nrxfg_3u0-1.png\" class=\"attachment-medium size-medium\" alt=\"\" aria-describedby=\"gallery-1-52251\" srcset=\"https:\/\/aspeagro.com\/wp-content\/uploads\/2026\/01\/A9spmon3_19nrxfg_3u0-1.png 607w, https:\/\/aspeagro.com\/wp-content\/uploads\/2026\/01\/A9spmon3_19nrxfg_3u0-1-212x300.png 212w, https:\/\/aspeagro.com\/wp-content\/uploads\/2026\/01\/A9spmon3_19nrxfg_3u0-1-8x12.png 8w\" sizes=\"(max-width: 212px) 100vw, 212px\" \/><\/a>\n\t\t\t<\/dt>\n\t\t\t\t<dd class='wp-caption-text gallery-caption' id='gallery-1-52251'>\n\t\t\t\t<h3>Altya<\/h3><strong>EXTRAITS D\u2019ALGUES + ACIDES AMIN\u00c9S \u2013 BIOSTIMULANT ORGANIQUE<\/strong><br><br><strong>Composition \/ % p\/v<\/strong><br>Acides amin\u00e9s libres 11,60<br> Mati\u00e8re Organique Totale 23,00<br>Potassium (K2O) 3,00<br>Acides Fulviques 13,30<br>Azote total (N) 1,40<br>extrait d'Ascophyllum nodosum 20,00<br>extrait d'Ecklonia maxima 0,30<br>ANA (acide naphtal\u00e8neac\u00e9tique) 500ppm<br>ANA-amide 1250ppm<br>Acide folique (vitamine B9) 150ppm\n\t\t\t\t<\/dd><\/dl><dl class='gallery-item'>\n\t\t\t<dt class='gallery-icon portrait'>\n\t\t\t\t<a data-elementor-open-lightbox=\"yes\" data-elementor-lightbox-slideshow=\"8761ee8\" data-elementor-lightbox-title=\"STYM 35\" data-elementor-lightbox-description=\"&lt;strong&gt;Altya&lt;\/strong&gt; &lt;br&gt;Organic Biostimulant - Seaweed Extracts + Aminoacids\" data-e-action-hash=\"#elementor-action%3Aaction%3Dlightbox%26settings%3DeyJpZCI6NTIyMjUsInVybCI6Imh0dHBzOlwvXC9hc3BlYWdyby5jb21cL3dwLWNvbnRlbnRcL3VwbG9hZHNcLzIwMjVcLzEyXC9TVFlNLTM1LTEtc2NhbGVkLnBuZyIsInNsaWRlc2hvdyI6Ijg3NjFlZTgifQ%3D%3D\" href='https:\/\/aspeagro.com\/wp-content\/uploads\/2025\/12\/STYM-35-1-scaled.png'><img decoding=\"async\" width=\"212\" height=\"300\" src=\"https:\/\/aspeagro.com\/wp-content\/uploads\/2025\/12\/STYM-35-fr-scaled.png\" class=\"attachment-medium size-medium\" alt=\"Biostimulants\" aria-describedby=\"gallery-1-52225\" srcset=\"https:\/\/aspeagro.com\/wp-content\/uploads\/2025\/12\/STYM-35-fr-scaled.png 1810w, https:\/\/aspeagro.com\/wp-content\/uploads\/2025\/12\/STYM-35-fr-212x300.png 212w, https:\/\/aspeagro.com\/wp-content\/uploads\/2025\/12\/STYM-35-fr-724x1024.png 724w, https:\/\/aspeagro.com\/wp-content\/uploads\/2025\/12\/STYM-35-fr-768x1086.png 768w, https:\/\/aspeagro.com\/wp-content\/uploads\/2025\/12\/STYM-35-fr-1086x1536.png 1086w, https:\/\/aspeagro.com\/wp-content\/uploads\/2025\/12\/STYM-35-fr-1448x2048.png 1448w, https:\/\/aspeagro.com\/wp-content\/uploads\/2025\/12\/STYM-35-fr-8x12.png 8w, https:\/\/aspeagro.com\/wp-content\/uploads\/2025\/12\/STYM-35-fr-1200x1697.png 1200w\" sizes=\"(max-width: 212px) 100vw, 212px\" \/><\/a>\n\t\t\t<\/dt>\n\t\t\t\t<dd class='wp-caption-text gallery-caption' id='gallery-1-52225'>\n\t\t\t\t<h3>Stym 35<\/h3><strong>ACIDES AMIN\u00c9S AVEC ACTIVATEUR DU SYST\u00c8ME IMMUNOLOGIQUE\nDES PLANTES<\/strong><br><br><strong>Composition \/ % p\/v<\/strong><br>Acides amin\u00e9s libres 35,0<br>Azote total (N) 6,80<br>Densit\u00e9 : 1,26g\/cc<br>pH: 7\n\t\t\t\t<\/dd><\/dl><br style=\"clear: both\" \/><dl class='gallery-item'>\n\t\t\t<dt class='gallery-icon portrait'>\n\t\t\t\t<a data-elementor-open-lightbox=\"yes\" data-elementor-lightbox-slideshow=\"8761ee8\" data-elementor-lightbox-title=\"A91w1kg8u_1z0dmde_968\" data-elementor-lightbox-description=\"&lt;strong&gt;Stym Solid&lt;\/strong&gt; &lt;br&gt;Solid Aminoacids Fertilizer\" data-e-action-hash=\"#elementor-action%3Aaction%3Dlightbox%26settings%3DeyJpZCI6NTE4NTgsInVybCI6Imh0dHBzOlwvXC9hc3BlYWdyby5jb21cL3dwLWNvbnRlbnRcL3VwbG9hZHNcLzIwMjVcLzA1XC9BOTF3MWtnOHVfMXowZG1kZV85NjgucG5nIiwic2xpZGVzaG93IjoiODc2MWVlOCJ9\" href='https:\/\/aspeagro.com\/wp-content\/uploads\/2025\/10\/Stym-Solid-fr.png'><img decoding=\"async\" width=\"228\" height=\"300\" src=\"https:\/\/aspeagro.com\/wp-content\/uploads\/2025\/05\/A91w1kg8u_1z0dmde_968-228x300.png\" class=\"attachment-medium size-medium\" alt=\"\" aria-describedby=\"gallery-1-51858\" srcset=\"https:\/\/aspeagro.com\/wp-content\/uploads\/2025\/05\/A91w1kg8u_1z0dmde_968-228x300.png 228w, https:\/\/aspeagro.com\/wp-content\/uploads\/2025\/05\/A91w1kg8u_1z0dmde_968-780x1024.png 780w, https:\/\/aspeagro.com\/wp-content\/uploads\/2025\/05\/A91w1kg8u_1z0dmde_968-768x1009.png 768w, https:\/\/aspeagro.com\/wp-content\/uploads\/2025\/05\/A91w1kg8u_1z0dmde_968.png 900w\" sizes=\"(max-width: 228px) 100vw, 228px\" \/><\/a>\n\t\t\t<\/dt>\n\t\t\t\t<dd class='wp-caption-text gallery-caption' id='gallery-1-51858'>\n\t\t\t\t<h3>STYM SOLID<\/h3><strong>BIOSTIMULANT D\u2019ACIDES AMIN\u00c9S SOLIDES<\/strong><br><br><strong><\/strong><br><strong>Composition \/ % m\/m<\/strong><br>Acides amin\u00e9s : 90,00<br>Acides amin\u00e9s libres : 85,00<br>Azote : 14,50<br> Azote organique (N) : 14,00<br> \n\t\t\t\t<\/dd><\/dl><dl class='gallery-item'>\n\t\t\t<dt class='gallery-icon portrait'>\n\t\t\t\t<a data-elementor-open-lightbox=\"yes\" data-elementor-lightbox-slideshow=\"8761ee8\" data-elementor-lightbox-title=\"mol_packing_1L_5L\" data-elementor-lightbox-description=\"&lt;strong&gt;Stym Solid&lt;\/strong&gt; &lt;br&gt;Solid Aminoacids Fertilizer\" data-e-action-hash=\"#elementor-action%3Aaction%3Dlightbox%26settings%3DeyJpZCI6NDg4ODQsInVybCI6Imh0dHBzOlwvXC9hc3BlYWdyby5jb21cL3dwLWNvbnRlbnRcL3VwbG9hZHNcLzIwMjRcLzAzXC9tb2xfX3BhY2tpbmdfMUxfNUwtc2NhbGVkLmpwZyIsInNsaWRlc2hvdyI6Ijg3NjFlZTgifQ%3D%3D\" href='https:\/\/aspeagro.com\/wp-content\/uploads\/2024\/03\/mol__packing_1L_5L-scaled.jpg'><img loading=\"lazy\" decoding=\"async\" width=\"212\" height=\"300\" src=\"https:\/\/aspeagro.com\/wp-content\/uploads\/2024\/03\/mol__packing_1L_5L-212x300.jpg\" class=\"attachment-medium size-medium\" alt=\"Biostimulants\" aria-describedby=\"gallery-1-48884\" srcset=\"https:\/\/aspeagro.com\/wp-content\/uploads\/2024\/03\/mol__packing_1L_5L-212x300.jpg 212w, https:\/\/aspeagro.com\/wp-content\/uploads\/2024\/03\/mol__packing_1L_5L-724x1024.jpg 724w, https:\/\/aspeagro.com\/wp-content\/uploads\/2024\/03\/mol__packing_1L_5L-768x1086.jpg 768w, https:\/\/aspeagro.com\/wp-content\/uploads\/2024\/03\/mol__packing_1L_5L-1086x1536.jpg 1086w, https:\/\/aspeagro.com\/wp-content\/uploads\/2024\/03\/mol__packing_1L_5L-1448x2048.jpg 1448w, https:\/\/aspeagro.com\/wp-content\/uploads\/2024\/03\/mol__packing_1L_5L-1200x1697.jpg 1200w, https:\/\/aspeagro.com\/wp-content\/uploads\/2024\/03\/mol__packing_1L_5L-scaled.jpg 1810w\" sizes=\"(max-width: 212px) 100vw, 212px\" \/><\/a>\n\t\t\t<\/dt>\n\t\t\t\t<dd class='wp-caption-text gallery-caption' id='gallery-1-48884'>\n\t\t\t\t<h3>Mol<\/h3><strong>ACIDES HUMIQUES &amp; FULVIQUES \u2013 BIOSTIMULANT<\/strong><br><br><strong>Composition \/ % p\/v<\/strong><br>Extrait humique total 24,0 %<br>Acides humiques totaux 12,0 %<br>Acides fulviques totaux 12,0 %<br>Potassium (K\u2082O) 6,0 %<br>pH 5 \u2013 6\n\t\t\t\t<\/dd><\/dl><br style=\"clear: both\" \/><dl class='gallery-item'>\n\t\t\t<dt class='gallery-icon portrait'>\n\t\t\t\t<a data-elementor-open-lightbox=\"yes\" data-elementor-lightbox-slideshow=\"8761ee8\" data-elementor-lightbox-title=\"mol_amyn_packing_1L_5L\" data-elementor-lightbox-description=\"&lt;strong&gt;Stym Solid&lt;\/strong&gt; &lt;br&gt;Solid Aminoacids Fertilizer\" data-e-action-hash=\"#elementor-action%3Aaction%3Dlightbox%26settings%3DeyJpZCI6NDg4ODUsInVybCI6Imh0dHBzOlwvXC9hc3BlYWdyby5jb21cL3dwLWNvbnRlbnRcL3VwbG9hZHNcLzIwMjRcLzAzXC9tb2xfYW15bl9wYWNraW5nXzFMXzVMLmpwZyIsInNsaWRlc2hvdyI6Ijg3NjFlZTgifQ%3D%3D\" href='https:\/\/aspeagro.com\/wp-content\/uploads\/2024\/03\/mol_amyn_packing_1L_5L.jpg'><img loading=\"lazy\" decoding=\"async\" width=\"212\" height=\"300\" src=\"https:\/\/aspeagro.com\/wp-content\/uploads\/2024\/03\/mol_amyn_packing_1L_5L-212x300.jpg\" class=\"attachment-medium size-medium\" alt=\"Biostimulants\" aria-describedby=\"gallery-1-48885\" srcset=\"https:\/\/aspeagro.com\/wp-content\/uploads\/2024\/03\/mol_amyn_packing_1L_5L-212x300.jpg 212w, https:\/\/aspeagro.com\/wp-content\/uploads\/2024\/03\/mol_amyn_packing_1L_5L-724x1024.jpg 724w, https:\/\/aspeagro.com\/wp-content\/uploads\/2024\/03\/mol_amyn_packing_1L_5L-768x1086.jpg 768w, https:\/\/aspeagro.com\/wp-content\/uploads\/2024\/03\/mol_amyn_packing_1L_5L-1086x1536.jpg 1086w, https:\/\/aspeagro.com\/wp-content\/uploads\/2024\/03\/mol_amyn_packing_1L_5L-1448x2048.jpg 1448w, https:\/\/aspeagro.com\/wp-content\/uploads\/2024\/03\/mol_amyn_packing_1L_5L-1200x1697.jpg 1200w, https:\/\/aspeagro.com\/wp-content\/uploads\/2024\/03\/mol_amyn_packing_1L_5L.jpg 1800w\" sizes=\"(max-width: 212px) 100vw, 212px\" \/><\/a>\n\t\t\t<\/dt>\n\t\t\t\t<dd class='wp-caption-text gallery-caption' id='gallery-1-48885'>\n\t\t\t\t<h3>Mol Amyn<\/h3><strong>LES ACIDES HUMIQUES &amp; ACIDES AMIN\u00c9S PRODUIT<\/strong><br><br><strong>Composition \/ % p\/v<\/strong><br>Acides humiques 14,0 %<br>Acides amin\u00e9s libres 14,0 %<br>Polysaccharides totaux 8,0 %<br>Densit\u00e9 : 1,15 g\/cc\n\t\t\t\t<\/dd><\/dl><dl class='gallery-item'>\n\t\t\t<dt class='gallery-icon portrait'>\n\t\t\t\t<a data-elementor-open-lightbox=\"yes\" data-elementor-lightbox-slideshow=\"8761ee8\" data-elementor-lightbox-title=\"mol_fulvic_packing_1L_5L\" data-elementor-lightbox-description=\"&lt;strong&gt;Stym Solid&lt;\/strong&gt; &lt;br&gt;Solid Aminoacids Fertilizer\" data-e-action-hash=\"#elementor-action%3Aaction%3Dlightbox%26settings%3DeyJpZCI6NDg4ODcsInVybCI6Imh0dHBzOlwvXC9hc3BlYWdyby5jb21cL3dwLWNvbnRlbnRcL3VwbG9hZHNcLzIwMjRcLzAzXC9tb2xfZnVsdmljX3BhY2tpbmdfMUxfNUwtc2NhbGVkLmpwZyIsInNsaWRlc2hvdyI6Ijg3NjFlZTgifQ%3D%3D\" href='https:\/\/aspeagro.com\/wp-content\/uploads\/2024\/03\/mol_fulvic_packing_1L_5L-scaled.jpg'><img loading=\"lazy\" decoding=\"async\" width=\"212\" height=\"300\" src=\"https:\/\/aspeagro.com\/wp-content\/uploads\/2024\/03\/mol_fulvic_packing_1L_5L-212x300.jpg\" class=\"attachment-medium size-medium\" alt=\"Biostimulants\" aria-describedby=\"gallery-1-48887\" srcset=\"https:\/\/aspeagro.com\/wp-content\/uploads\/2024\/03\/mol_fulvic_packing_1L_5L-212x300.jpg 212w, https:\/\/aspeagro.com\/wp-content\/uploads\/2024\/03\/mol_fulvic_packing_1L_5L-724x1024.jpg 724w, https:\/\/aspeagro.com\/wp-content\/uploads\/2024\/03\/mol_fulvic_packing_1L_5L-768x1086.jpg 768w, https:\/\/aspeagro.com\/wp-content\/uploads\/2024\/03\/mol_fulvic_packing_1L_5L-1086x1536.jpg 1086w, https:\/\/aspeagro.com\/wp-content\/uploads\/2024\/03\/mol_fulvic_packing_1L_5L-1448x2048.jpg 1448w, https:\/\/aspeagro.com\/wp-content\/uploads\/2024\/03\/mol_fulvic_packing_1L_5L-1200x1697.jpg 1200w, https:\/\/aspeagro.com\/wp-content\/uploads\/2024\/03\/mol_fulvic_packing_1L_5L-scaled.jpg 1810w\" sizes=\"(max-width: 212px) 100vw, 212px\" \/><\/a>\n\t\t\t<\/dt>\n\t\t\t\t<dd class='wp-caption-text gallery-caption' id='gallery-1-48887'>\n\t\t\t\t<h3>Mol Fulvic<\/h3><strong>ACIDES FULVIQUES \u2013 BIOSTIMULANT<\/strong><br><br><strong>Composition \/ % m\/m<\/strong><br>Extrait humique total 41,5 %<br>Acide fulvique 38,5 %<br>Azote total (N) 3,5 %<br>Phosphore (P\u2082O\u2085) 0,15 %<br>Potassium (K\u2082O) 5,0 %<br>Densit\u00e9 : 1,28 <br>pH : 5,7\n\t\t\t\t<\/dd><\/dl><br style=\"clear: both\" \/><dl class='gallery-item'>\n\t\t\t<dt class='gallery-icon portrait'>\n\t\t\t\t<a data-elementor-open-lightbox=\"yes\" data-elementor-lightbox-slideshow=\"8761ee8\" data-elementor-lightbox-title=\"mol_solid_1Kg\" data-elementor-lightbox-description=\"&lt;strong&gt;Stym Solid&lt;\/strong&gt; &lt;br&gt;Solid Aminoacids Fertilizer\" data-e-action-hash=\"#elementor-action%3Aaction%3Dlightbox%26settings%3DeyJpZCI6NDkzMjgsInVybCI6Imh0dHBzOlwvXC9hc3BlYWdyby5jb21cL3dwLWNvbnRlbnRcL3VwbG9hZHNcLzIwMjRcLzAzXC9tb2xfc29saWRfMUtnLTEuanBnIiwic2xpZGVzaG93IjoiODc2MWVlOCJ9\" href='https:\/\/aspeagro.com\/wp-content\/uploads\/2024\/03\/mol_solid_1Kg-1.jpg'><img loading=\"lazy\" decoding=\"async\" width=\"212\" height=\"300\" src=\"https:\/\/aspeagro.com\/wp-content\/uploads\/2024\/03\/mol_solid_1Kg-1-212x300.jpg\" class=\"attachment-medium size-medium\" alt=\"Biostimulants\" aria-describedby=\"gallery-1-49328\" srcset=\"https:\/\/aspeagro.com\/wp-content\/uploads\/2024\/03\/mol_solid_1Kg-1-212x300.jpg 212w, https:\/\/aspeagro.com\/wp-content\/uploads\/2024\/03\/mol_solid_1Kg-1-724x1024.jpg 724w, https:\/\/aspeagro.com\/wp-content\/uploads\/2024\/03\/mol_solid_1Kg-1-768x1086.jpg 768w, https:\/\/aspeagro.com\/wp-content\/uploads\/2024\/03\/mol_solid_1Kg-1-1086x1536.jpg 1086w, https:\/\/aspeagro.com\/wp-content\/uploads\/2024\/03\/mol_solid_1Kg-1-1448x2048.jpg 1448w, https:\/\/aspeagro.com\/wp-content\/uploads\/2024\/03\/mol_solid_1Kg-1-1200x1697.jpg 1200w, https:\/\/aspeagro.com\/wp-content\/uploads\/2024\/03\/mol_solid_1Kg-1.jpg 1800w\" sizes=\"(max-width: 212px) 100vw, 212px\" \/><\/a>\n\t\t\t<\/dt>\n\t\t\t\t<dd class='wp-caption-text gallery-caption' id='gallery-1-49328'>\n\t\t\t\t<h3>MOL SOLID<\/h3><strong>AMENDEMENT ORGANIQUE<\/strong><br><br><strong>Composition \/ % m\/m<\/strong><br> Extrait humique total 75,0 %<br> Acides humiques 70,0 %<br> Acides fulviques 5,0 %<br> Potassium (K\u2082O) 7,0 %\n\t\t\t\t<\/dd><\/dl><dl class='gallery-item'>\n\t\t\t<dt class='gallery-icon portrait'>\n\t\t\t\t<a data-elementor-open-lightbox=\"yes\" data-elementor-lightbox-slideshow=\"8761ee8\" data-elementor-lightbox-title=\"mol_combi_packing_bolsa_1Kg_combi\" data-elementor-lightbox-description=\"&lt;strong&gt;Stym Solid&lt;\/strong&gt; &lt;br&gt;Solid Aminoacids Fertilizer\" data-e-action-hash=\"#elementor-action%3Aaction%3Dlightbox%26settings%3DeyJpZCI6NDkzMjcsInVybCI6Imh0dHBzOlwvXC9hc3BlYWdyby5jb21cL3dwLWNvbnRlbnRcL3VwbG9hZHNcLzIwMjRcLzAzXC9tb2xfY29tYmlfcGFja2luZ19ib2xzYV8xS2dfY29tYmktMS5qcGciLCJzbGlkZXNob3ciOiI4NzYxZWU4In0%3D\" href='https:\/\/aspeagro.com\/wp-content\/uploads\/2024\/03\/mol_combi_packing_bolsa_1Kg_combi-1.jpg'><img loading=\"lazy\" decoding=\"async\" width=\"212\" height=\"300\" src=\"https:\/\/aspeagro.com\/wp-content\/uploads\/2024\/03\/mol_combi_packing_bolsa_1Kg_combi-1-212x300.jpg\" class=\"attachment-medium size-medium\" alt=\"Biostimulants\" aria-describedby=\"gallery-1-49327\" srcset=\"https:\/\/aspeagro.com\/wp-content\/uploads\/2024\/03\/mol_combi_packing_bolsa_1Kg_combi-1-212x300.jpg 212w, https:\/\/aspeagro.com\/wp-content\/uploads\/2024\/03\/mol_combi_packing_bolsa_1Kg_combi-1-724x1024.jpg 724w, https:\/\/aspeagro.com\/wp-content\/uploads\/2024\/03\/mol_combi_packing_bolsa_1Kg_combi-1-768x1086.jpg 768w, https:\/\/aspeagro.com\/wp-content\/uploads\/2024\/03\/mol_combi_packing_bolsa_1Kg_combi-1-1086x1536.jpg 1086w, https:\/\/aspeagro.com\/wp-content\/uploads\/2024\/03\/mol_combi_packing_bolsa_1Kg_combi-1-1448x2048.jpg 1448w, https:\/\/aspeagro.com\/wp-content\/uploads\/2024\/03\/mol_combi_packing_bolsa_1Kg_combi-1-1200x1697.jpg 1200w, https:\/\/aspeagro.com\/wp-content\/uploads\/2024\/03\/mol_combi_packing_bolsa_1Kg_combi-1.jpg 1800w\" sizes=\"(max-width: 212px) 100vw, 212px\" \/><\/a>\n\t\t\t<\/dt>\n\t\t\t\t<dd class='wp-caption-text gallery-caption' id='gallery-1-49327'>\n\t\t\t\t<h3>Mol Combi<\/h3><strong>MACRO &amp; MICRO-\u00c9L\u00c9MENTS AVEC ACIDES FULVIQUES \u2013\nBIOSTIMULANT<\/strong><br><br><strong>Composition \/ % m\/m<\/strong><br>Mati\u00e8re organique 31,0 %<br>Acides fulviques 23,0 %<br>Calcium (CaO) (complex\u00e9 par lignine) 3,5 %<br>Magn\u00e9sium (Mg) 2,5 %<br>Bore (B) 0,7 %<br>Fer (Fe) 5,0 %<br>Mangan\u00e8se (Mn) 5,5 %<br>Zinc (Zn) 5,5 %<br>Silicium (SiO\u2082) 1,0 %<br><br>\n\t\t\t\t<\/dd><\/dl><br style=\"clear: both\" \/>\n\t\t<\/div>\n\t\t<\/div>\n\t\t\t\t\t\t<\/div>\n\t\t\t\t<\/div>\n\t\t\t\t\t<\/div>\n\t\t\t\t<\/div>\n\t\t\t\t<\/div>","protected":false},"excerpt":{"rendered":"<p>Biostimulants Altya SEAWEED EXTRACTS + AMINOACIDS &#8211; ORGANIC BIOSTIMULANT Composition \/ %w\/vFree Amino Acids 11,60 Total Organic Matter 23,00Potassium (K2O) 3,00Fulvic Acids 13,30Total Nitrogen (N) 1,40Ascophyllum nodosum extract 20,00Ecklonia maxima extract 0,30ANA (Naphthaleneacetic acid) 500ppmANA-amide 1250ppmFolic acid (Vitamin B9) 150ppm Stym 35 AMINOACIDS WITH PLANT\u00b4S IMMUNOLOGICAL SYSTEM ACTIVATOR Composition \/ %w\/vFree Amino Acids 35,0Total Nitrogen&hellip;<\/p>","protected":false},"author":1,"featured_media":0,"parent":0,"menu_order":0,"comment_status":"closed","ping_status":"closed","template":"elementor_header_footer","meta":{"footnotes":""},"class_list":["post-48851","page","type-page","status-publish","hentry"],"_links":{"self":[{"href":"https:\/\/aspeagro.com\/fr\/wp-json\/wp\/v2\/pages\/48851","targetHints":{"allow":["GET"]}}],"collection":[{"href":"https:\/\/aspeagro.com\/fr\/wp-json\/wp\/v2\/pages"}],"about":[{"href":"https:\/\/aspeagro.com\/fr\/wp-json\/wp\/v2\/types\/page"}],"author":[{"embeddable":true,"href":"https:\/\/aspeagro.com\/fr\/wp-json\/wp\/v2\/users\/1"}],"replies":[{"embeddable":true,"href":"https:\/\/aspeagro.com\/fr\/wp-json\/wp\/v2\/comments?post=48851"}],"version-history":[{"count":20,"href":"https:\/\/aspeagro.com\/fr\/wp-json\/wp\/v2\/pages\/48851\/revisions"}],"predecessor-version":[{"id":52286,"href":"https:\/\/aspeagro.com\/fr\/wp-json\/wp\/v2\/pages\/48851\/revisions\/52286"}],"wp:attachment":[{"href":"https:\/\/aspeagro.com\/fr\/wp-json\/wp\/v2\/media?parent=48851"}],"curies":[{"name":"wp","href":"https:\/\/api.w.org\/{rel}","templated":true}]}}