{"id":48999,"date":"2024-03-12T16:23:07","date_gmt":"2024-03-12T16:23:07","guid":{"rendered":"https:\/\/aspeagro.com\/?page_id=48999"},"modified":"2024-11-15T10:50:59","modified_gmt":"2024-11-15T10:50:59","slug":"crops-2","status":"publish","type":"page","link":"https:\/\/aspeagro.com\/fr\/crops-2\/","title":{"rendered":"Crops products"},"content":{"rendered":"<div data-elementor-type=\"wp-page\" data-elementor-id=\"48999\" class=\"elementor elementor-48999\" data-elementor-post-type=\"page\">\n\t\t\t\t<div class=\"elementor-element elementor-element-719c7bd9 e-flex e-con-boxed e-con e-parent\" data-id=\"719c7bd9\" data-element_type=\"container\" data-e-type=\"container\">\n\t\t\t\t\t<div class=\"e-con-inner\">\n\t\t\t\t<div class=\"elementor-element elementor-element-7a961ca7 elementor-widget elementor-widget-heading\" data-id=\"7a961ca7\" data-element_type=\"widget\" data-e-type=\"widget\" data-widget_type=\"heading.default\">\n\t\t\t\t<div class=\"elementor-widget-container\">\n\t\t\t\t\t<h2 class=\"elementor-heading-title elementor-size-default\">CULTURES<\/h2>\t\t\t\t<\/div>\n\t\t\t\t<\/div>\n\t\t\t\t\t<\/div>\n\t\t\t\t<\/div>\n\t\t<div class=\"elementor-element elementor-element-7d3c670a e-flex e-con-boxed e-con e-parent\" data-id=\"7d3c670a\" data-element_type=\"container\" data-e-type=\"container\">\n\t\t\t\t\t<div class=\"e-con-inner\">\n\t\t\t\t<div class=\"elementor-element elementor-element-72fe36cb gallery-spacing-custom elementor-widget elementor-widget-image-gallery\" data-id=\"72fe36cb\" data-element_type=\"widget\" data-e-type=\"widget\" data-widget_type=\"image-gallery.default\">\n\t\t\t\t<div class=\"elementor-widget-container\">\n\t\t\t\t\t\t\t<div class=\"elementor-image-gallery\">\n\t\t\t\n\t\t<style>\n\t\t\t#gallery-1 {\n\t\t\t\tmargin: auto;\n\t\t\t}\n\t\t\t#gallery-1 .gallery-item {\n\t\t\t\tfloat: left;\n\t\t\t\tmargin-top: 10px;\n\t\t\t\ttext-align: center;\n\t\t\t\twidth: 50%;\n\t\t\t}\n\t\t\t#gallery-1 img {\n\t\t\t\tborder: 2px solid #cfcfcf;\n\t\t\t}\n\t\t\t#gallery-1 .gallery-caption {\n\t\t\t\tmargin-left: 0;\n\t\t\t}\n\t\t\t\/* see gallery_shortcode() in wp-includes\/media.php *\/\n\t\t<\/style>\n\t\t<div id='gallery-1' class='gallery galleryid-48999 gallery-columns-2 gallery-size-medium'><dl class='gallery-item'>\n\t\t\t<dt class='gallery-icon portrait'>\n\t\t\t\t<a data-elementor-open-lightbox=\"yes\" data-elementor-lightbox-slideshow=\"72fe36cb\" data-elementor-lightbox-title=\"crops_kelom_cotton_1L_5L\" data-e-action-hash=\"#elementor-action%3Aaction%3Dlightbox%26settings%3DeyJpZCI6NDg5NzQsInVybCI6Imh0dHBzOlwvXC9hc3BlYWdyby5jb21cL3dwLWNvbnRlbnRcL3VwbG9hZHNcLzIwMjRcLzAzXC9jcm9wc19rZWxvbV9jb3R0b25fMUxfNUwtc2NhbGVkLmpwZyIsInNsaWRlc2hvdyI6IjcyZmUzNmNiIn0%3D\" href='https:\/\/aspeagro.com\/wp-content\/uploads\/2024\/03\/crops_kelom_cotton_1L_5L-scaled.jpg'><img fetchpriority=\"high\" decoding=\"async\" width=\"212\" height=\"300\" src=\"https:\/\/aspeagro.com\/wp-content\/uploads\/2024\/03\/crops_kelom_cotton_1L_5L-212x300.jpg\" class=\"attachment-medium size-medium\" alt=\"Crops\" aria-describedby=\"gallery-1-48974\" srcset=\"https:\/\/aspeagro.com\/wp-content\/uploads\/2024\/03\/crops_kelom_cotton_1L_5L-212x300.jpg 212w, https:\/\/aspeagro.com\/wp-content\/uploads\/2024\/03\/crops_kelom_cotton_1L_5L-724x1024.jpg 724w, https:\/\/aspeagro.com\/wp-content\/uploads\/2024\/03\/crops_kelom_cotton_1L_5L-768x1086.jpg 768w, https:\/\/aspeagro.com\/wp-content\/uploads\/2024\/03\/crops_kelom_cotton_1L_5L-1086x1536.jpg 1086w, https:\/\/aspeagro.com\/wp-content\/uploads\/2024\/03\/crops_kelom_cotton_1L_5L-1448x2048.jpg 1448w, https:\/\/aspeagro.com\/wp-content\/uploads\/2024\/03\/crops_kelom_cotton_1L_5L-1200x1697.jpg 1200w, https:\/\/aspeagro.com\/wp-content\/uploads\/2024\/03\/crops_kelom_cotton_1L_5L-scaled.jpg 1810w\" sizes=\"(max-width: 212px) 100vw, 212px\" \/><\/a>\n\t\t\t<\/dt>\n\t\t\t\t<dd class='wp-caption-text gallery-caption' id='gallery-1-48974'>\n\t\t\t\t<h3>Kelom Coton<\/h3><strong>BIOACTIVATEUR \u2013 SP\u00c9CIAL COTON<\/strong><br><br><strong>Composition \/ % m\/m<\/strong><br>Acides polyhydroxycarboxyliques (PHCA) 25,0 %<br>Acides amin\u00e9s totaux 15,0 %<br>B\u00e9ta\u00efne 9,0 %<br>Azote organique (N) 2,0 %<br>Fer (Fe) 1,68 %<br>Mangan\u00e8se (Mn) 0,63 %<br>Zinc (Zn) 0,34 %<br>Cuivre (Cu) 0,04 %<br>Bore (B) 0,34 %<br>Molybd\u00e8ne (Mo) 0,004 %\n\t\t\t\t<\/dd><\/dl><dl class='gallery-item'>\n\t\t\t<dt class='gallery-icon portrait'>\n\t\t\t\t<a data-elementor-open-lightbox=\"yes\" data-elementor-lightbox-slideshow=\"72fe36cb\" data-elementor-lightbox-title=\"raps_mix_1L_5L_\" data-e-action-hash=\"#elementor-action%3Aaction%3Dlightbox%26settings%3DeyJpZCI6NDg5NzksInVybCI6Imh0dHBzOlwvXC9hc3BlYWdyby5jb21cL3dwLWNvbnRlbnRcL3VwbG9hZHNcLzIwMjRcLzAzXC9yYXBzX21peF8xTF81TF8tc2NhbGVkLmpwZyIsInNsaWRlc2hvdyI6IjcyZmUzNmNiIn0%3D\" data-elementor-lightbox-description=\"&lt;strong&gt;Raps Mix&lt;\/strong&gt; &lt;br&gt;Special product for Colza \/ Rapeseed\" href='https:\/\/aspeagro.com\/wp-content\/uploads\/2025\/11\/raps_mix_1L_5L_-scaled-1.jpg'><img decoding=\"async\" width=\"212\" height=\"300\" src=\"https:\/\/aspeagro.com\/wp-content\/uploads\/2024\/03\/raps_mix_1L_5L_-212x300.jpg\" class=\"attachment-medium size-medium\" alt=\"Seed Treatment\" aria-describedby=\"gallery-1-48979\" srcset=\"https:\/\/aspeagro.com\/wp-content\/uploads\/2024\/03\/raps_mix_1L_5L_-212x300.jpg 212w, https:\/\/aspeagro.com\/wp-content\/uploads\/2024\/03\/raps_mix_1L_5L_-724x1024.jpg 724w, https:\/\/aspeagro.com\/wp-content\/uploads\/2024\/03\/raps_mix_1L_5L_-768x1086.jpg 768w, https:\/\/aspeagro.com\/wp-content\/uploads\/2024\/03\/raps_mix_1L_5L_-1086x1536.jpg 1086w, https:\/\/aspeagro.com\/wp-content\/uploads\/2024\/03\/raps_mix_1L_5L_-1448x2048.jpg 1448w, https:\/\/aspeagro.com\/wp-content\/uploads\/2024\/03\/raps_mix_1L_5L_-1200x1697.jpg 1200w, https:\/\/aspeagro.com\/wp-content\/uploads\/2024\/03\/raps_mix_1L_5L_-scaled.jpg 1810w\" sizes=\"(max-width: 212px) 100vw, 212px\" \/><\/a>\n\t\t\t<\/dt>\n\t\t\t\t<dd class='wp-caption-text gallery-caption' id='gallery-1-48979'>\n\t\t\t\t<h3>Raps Mix<\/h3><strong>ENGRAIS FOLIAIRE POUR COLZA<\/strong><br><br><strong>Composition \/ % p\/v<\/strong><br>Bore (B) soluble dans l\u2019eau 1,0 %<br>Mangan\u00e8se (Mn) soluble dans l\u2019eau 1,0 %<br>Magn\u00e9sium (MgO) soluble dans l\u2019eau 1,2 %<br>Fer (Fe) soluble dans l\u2019eau 0,9 %<br>Zinc (Zn) soluble dans l\u2019eau 0,9 % <br>Molybd\u00e8ne (Mo) soluble dans l\u2019eau 0,5 %<br> pH : 3\n\t\t\t\t<\/dd><\/dl><br style=\"clear: both\" \/><dl class='gallery-item'>\n\t\t\t<dt class='gallery-icon portrait'>\n\t\t\t\t<a data-elementor-open-lightbox=\"yes\" data-elementor-lightbox-slideshow=\"72fe36cb\" data-elementor-lightbox-title=\"rice3_1L_5L\" data-e-action-hash=\"#elementor-action%3Aaction%3Dlightbox%26settings%3DeyJpZCI6NDg5NzUsInVybCI6Imh0dHBzOlwvXC9hc3BlYWdyby5jb21cL3dwLWNvbnRlbnRcL3VwbG9hZHNcLzIwMjRcLzAzXC9jcm9wc19yaWNlM18xTF81TC1zY2FsZWQuanBnIiwic2xpZGVzaG93IjoiNzJmZTM2Y2IifQ%3D%3D\" data-elementor-lightbox-description=\"&lt;strong&gt;Raps Mix&lt;\/strong&gt; &lt;br&gt;Special product for Colza \/ Rapeseed\" href='https:\/\/aspeagro.com\/wp-content\/uploads\/2024\/03\/crops_rice3_1L_5L-scaled.jpg'><img decoding=\"async\" width=\"212\" height=\"300\" src=\"https:\/\/aspeagro.com\/wp-content\/uploads\/2024\/03\/crops_rice3_1L_5L-212x300.jpg\" class=\"attachment-medium size-medium\" alt=\"Crops\" aria-describedby=\"gallery-1-48975\" srcset=\"https:\/\/aspeagro.com\/wp-content\/uploads\/2024\/03\/crops_rice3_1L_5L-212x300.jpg 212w, https:\/\/aspeagro.com\/wp-content\/uploads\/2024\/03\/crops_rice3_1L_5L-724x1024.jpg 724w, https:\/\/aspeagro.com\/wp-content\/uploads\/2024\/03\/crops_rice3_1L_5L-768x1086.jpg 768w, https:\/\/aspeagro.com\/wp-content\/uploads\/2024\/03\/crops_rice3_1L_5L-1086x1536.jpg 1086w, https:\/\/aspeagro.com\/wp-content\/uploads\/2024\/03\/crops_rice3_1L_5L-1448x2048.jpg 1448w, https:\/\/aspeagro.com\/wp-content\/uploads\/2024\/03\/crops_rice3_1L_5L-1200x1697.jpg 1200w, https:\/\/aspeagro.com\/wp-content\/uploads\/2024\/03\/crops_rice3_1L_5L-scaled.jpg 1810w\" sizes=\"(max-width: 212px) 100vw, 212px\" \/><\/a>\n\t\t\t<\/dt>\n\t\t\t\t<dd class='wp-caption-text gallery-caption' id='gallery-1-48975'>\n\t\t\t\t<h3>Rice 3<\/h3><strong>BIOSTIMULANT \u2013 SP\u00c9CIAL RIZ<\/strong><br><br><strong>Composition \/ % m\/m<\/strong><br>Acides amin\u00e9s totaux 17,0 %<br>N-Ac\u00e9tyl Thiazolidine-4-Carboxylique 1,00 %<br>Fer (Fe) ch\u00e9lat\u00e9 EDTA 0,18 %<br>Mangan\u00e8se (Mn) ch\u00e9lat\u00e9 EDTA 0,10 %<br>Cuivre (Cu) ch\u00e9lat\u00e9 EDTA 0,18 %<br>Zinc (Zn) ch\u00e9lat\u00e9 EDTA 0,10 %<br>Bore (B) 0,08 %<br>Densit\u00e9 \u00e0 20 \u00baC : 1,25 g\/ml<br> pH (solution aqueuse \u00e0 1 %) : 8,0 \u00b1 0,5\n\t\t\t\t<\/dd><\/dl><dl class='gallery-item'>\n\t\t\t<dt class='gallery-icon portrait'>\n\t\t\t\t<a data-elementor-open-lightbox=\"yes\" data-elementor-lightbox-slideshow=\"72fe36cb\" data-elementor-lightbox-title=\"sukra_solid_bolsa_1Kg\" data-e-action-hash=\"#elementor-action%3Aaction%3Dlightbox%26settings%3DeyJpZCI6NDkzMzcsInVybCI6Imh0dHBzOlwvXC9hc3BlYWdyby5jb21cL3dwLWNvbnRlbnRcL3VwbG9hZHNcLzIwMjRcLzAzXC9jcm9wc19zdWtyYV9zb2xpZF9ib2xzYS5qcGciLCJzbGlkZXNob3ciOiI3MmZlMzZjYiJ9\" data-elementor-lightbox-description=\"&lt;strong&gt;Raps Mix&lt;\/strong&gt; &lt;br&gt;Special product for Colza \/ Rapeseed\" href='https:\/\/aspeagro.com\/wp-content\/uploads\/2024\/03\/crops_sukra_solid_bolsa.jpg'><img loading=\"lazy\" decoding=\"async\" width=\"212\" height=\"300\" src=\"https:\/\/aspeagro.com\/wp-content\/uploads\/2024\/03\/crops_sukra_solid_bolsa-212x300.jpg\" class=\"attachment-medium size-medium\" alt=\"\" aria-describedby=\"gallery-1-49337\" srcset=\"https:\/\/aspeagro.com\/wp-content\/uploads\/2024\/03\/crops_sukra_solid_bolsa-212x300.jpg 212w, https:\/\/aspeagro.com\/wp-content\/uploads\/2024\/03\/crops_sukra_solid_bolsa-724x1024.jpg 724w, https:\/\/aspeagro.com\/wp-content\/uploads\/2024\/03\/crops_sukra_solid_bolsa-768x1086.jpg 768w, https:\/\/aspeagro.com\/wp-content\/uploads\/2024\/03\/crops_sukra_solid_bolsa-1086x1536.jpg 1086w, https:\/\/aspeagro.com\/wp-content\/uploads\/2024\/03\/crops_sukra_solid_bolsa-1448x2048.jpg 1448w, https:\/\/aspeagro.com\/wp-content\/uploads\/2024\/03\/crops_sukra_solid_bolsa-1200x1697.jpg 1200w, https:\/\/aspeagro.com\/wp-content\/uploads\/2024\/03\/crops_sukra_solid_bolsa.jpg 1800w\" sizes=\"(max-width: 212px) 100vw, 212px\" \/><\/a>\n\t\t\t<\/dt>\n\t\t\t\t<dd class='wp-caption-text gallery-caption' id='gallery-1-49337'>\n\t\t\t\t<h3>Sukra solid<\/h3><strong>CORRECTEUR DE BORE ET CALCIUM<\/strong><br><br><strong>Composition \/ % m\/m<\/strong><br> Bore (B) 15,0 %<br> Calcium (CaO) 7,0 %\n\t\t\t\t<\/dd><\/dl><br style=\"clear: both\" \/><dl class='gallery-item'>\n\t\t\t<dt class='gallery-icon portrait'>\n\t\t\t\t<a data-elementor-open-lightbox=\"yes\" data-elementor-lightbox-slideshow=\"72fe36cb\" data-elementor-lightbox-title=\"vital_fol_mn_1L_5L\" data-e-action-hash=\"#elementor-action%3Aaction%3Dlightbox%26settings%3DeyJpZCI6NDg5NzcsInVybCI6Imh0dHBzOlwvXC9hc3BlYWdyby5jb21cL3dwLWNvbnRlbnRcL3VwbG9hZHNcLzIwMjRcLzAzXC9jcm9wc192aXRhbF9mb2xfbW5fMUxfNUwtc2NhbGVkLmpwZyIsInNsaWRlc2hvdyI6IjcyZmUzNmNiIn0%3D\" data-elementor-lightbox-description=\"&lt;strong&gt;Raps Mix&lt;\/strong&gt; &lt;br&gt;Special product for Colza \/ Rapeseed\" href='https:\/\/aspeagro.com\/wp-content\/uploads\/2024\/03\/crops_vital_fol_mn_1L_5L-scaled.jpg'><img loading=\"lazy\" decoding=\"async\" width=\"212\" height=\"300\" src=\"https:\/\/aspeagro.com\/wp-content\/uploads\/2024\/03\/crops_vital_fol_mn_1L_5L-212x300.jpg\" class=\"attachment-medium size-medium\" alt=\"Crops\" aria-describedby=\"gallery-1-48977\" srcset=\"https:\/\/aspeagro.com\/wp-content\/uploads\/2024\/03\/crops_vital_fol_mn_1L_5L-212x300.jpg 212w, https:\/\/aspeagro.com\/wp-content\/uploads\/2024\/03\/crops_vital_fol_mn_1L_5L-724x1024.jpg 724w, https:\/\/aspeagro.com\/wp-content\/uploads\/2024\/03\/crops_vital_fol_mn_1L_5L-768x1086.jpg 768w, https:\/\/aspeagro.com\/wp-content\/uploads\/2024\/03\/crops_vital_fol_mn_1L_5L-1086x1536.jpg 1086w, https:\/\/aspeagro.com\/wp-content\/uploads\/2024\/03\/crops_vital_fol_mn_1L_5L-1448x2048.jpg 1448w, https:\/\/aspeagro.com\/wp-content\/uploads\/2024\/03\/crops_vital_fol_mn_1L_5L-1200x1697.jpg 1200w, https:\/\/aspeagro.com\/wp-content\/uploads\/2024\/03\/crops_vital_fol_mn_1L_5L-scaled.jpg 1810w\" sizes=\"(max-width: 212px) 100vw, 212px\" \/><\/a>\n\t\t\t<\/dt>\n\t\t\t\t<dd class='wp-caption-text gallery-caption' id='gallery-1-48977'>\n\t\t\t\t<h3>Vital Fol Mn<\/h3><strong>BIOACTIVATEUR \u2013 SP\u00c9CIAL CULTURES INDUSTRIELLES<\/strong><br><br><strong>Composition \/ % m\/m<\/strong><br>Azote total (N) 2,00 %<br>Phosphore (P\u2082O\u2085) 30,00 %<br>Potassium (K\u2082O) 3,00 %<br>Bore (B) 0,01 %<br>Cuivre (Cu) ch\u00e9lat\u00e9 EDTA 0,02 %<br>Fer (Fe) ch\u00e9lat\u00e9 EDTA 0,02 %<br>Mangan\u00e8se (Mn) 4,00 %<br>Molybd\u00e8ne (Mo) 0,001 %<br>Zinc (Zn) 0,01 %<br>Densit\u00e9 : 1,30<br><br>\n\t\t\t\t<\/dd><\/dl>\n\t\t\t<br style='clear: both' \/>\n\t\t<\/div>\n\t\t<\/div>\n\t\t\t\t\t\t<\/div>\n\t\t\t\t<\/div>\n\t\t\t\t\t<\/div>\n\t\t\t\t<\/div>\n\t\t\t\t<\/div>","protected":false},"excerpt":{"rendered":"<p>Crops Kelom Cotton BIOACTIVATOR. SPECIAL FOR COTTON Composition \/ %w\/wPolyhydroxy carboxylic acids (PHCA) 25,0Total amino acids 15,0Betaine 9,0Nitrogen (N) Organic 2,0Iron (Fe) 1,68Manganese (Mn) 0,63Zinc (Zn) 0,34Copper Cu) 0,04Boron (B) 0,34Molybdenum (Mo) 0,004 Raps Mix FOLIAR FERTILIZER FOR OILSEED RAPE Composition \/ %w\/vBoron (B) water soluble 1,0Manganese (Mn) water soluble 1,0Magnesio (MgO) water soluble 1,2Iron&hellip;<\/p>","protected":false},"author":1,"featured_media":0,"parent":0,"menu_order":0,"comment_status":"closed","ping_status":"closed","template":"elementor_header_footer","meta":{"footnotes":""},"class_list":["post-48999","page","type-page","status-publish","hentry"],"_links":{"self":[{"href":"https:\/\/aspeagro.com\/fr\/wp-json\/wp\/v2\/pages\/48999","targetHints":{"allow":["GET"]}}],"collection":[{"href":"https:\/\/aspeagro.com\/fr\/wp-json\/wp\/v2\/pages"}],"about":[{"href":"https:\/\/aspeagro.com\/fr\/wp-json\/wp\/v2\/types\/page"}],"author":[{"embeddable":true,"href":"https:\/\/aspeagro.com\/fr\/wp-json\/wp\/v2\/users\/1"}],"replies":[{"embeddable":true,"href":"https:\/\/aspeagro.com\/fr\/wp-json\/wp\/v2\/comments?post=48999"}],"version-history":[{"count":20,"href":"https:\/\/aspeagro.com\/fr\/wp-json\/wp\/v2\/pages\/48999\/revisions"}],"predecessor-version":[{"id":51135,"href":"https:\/\/aspeagro.com\/fr\/wp-json\/wp\/v2\/pages\/48999\/revisions\/51135"}],"wp:attachment":[{"href":"https:\/\/aspeagro.com\/fr\/wp-json\/wp\/v2\/media?parent=48999"}],"curies":[{"name":"wp","href":"https:\/\/api.w.org\/{rel}","templated":true}]}}