{"id":49027,"date":"2024-03-13T07:10:46","date_gmt":"2024-03-13T07:10:46","guid":{"rendered":"https:\/\/aspeagro.com\/?page_id=49027"},"modified":"2025-07-16T15:04:20","modified_gmt":"2025-07-16T15:04:20","slug":"micronutrients","status":"publish","type":"page","link":"https:\/\/aspeagro.com\/fr\/micronutrients\/","title":{"rendered":"Micronutrients products"},"content":{"rendered":"<div data-elementor-type=\"wp-page\" data-elementor-id=\"49027\" class=\"elementor elementor-49027\" data-elementor-post-type=\"page\">\n\t\t\t\t<div class=\"elementor-element elementor-element-2817f5fe e-flex e-con-boxed e-con e-parent\" data-id=\"2817f5fe\" data-element_type=\"container\" data-e-type=\"container\">\n\t\t\t\t\t<div class=\"e-con-inner\">\n\t\t\t\t<div class=\"elementor-element elementor-element-118d3c56 elementor-widget elementor-widget-heading\" data-id=\"118d3c56\" data-element_type=\"widget\" data-e-type=\"widget\" data-widget_type=\"heading.default\">\n\t\t\t\t<div class=\"elementor-widget-container\">\n\t\t\t\t\t<h2 class=\"elementor-heading-title elementor-size-default\">MICRONUTRIMENTS<\/h2>\t\t\t\t<\/div>\n\t\t\t\t<\/div>\n\t\t\t\t\t<\/div>\n\t\t\t\t<\/div>\n\t\t<div class=\"elementor-element elementor-element-5a9d4df5 e-flex e-con-boxed e-con e-parent\" data-id=\"5a9d4df5\" data-element_type=\"container\" data-e-type=\"container\">\n\t\t\t\t\t<div class=\"e-con-inner\">\n\t\t\t\t<div class=\"elementor-element elementor-element-354c5f2a gallery-spacing-custom elementor-widget elementor-widget-image-gallery\" data-id=\"354c5f2a\" data-element_type=\"widget\" data-e-type=\"widget\" data-widget_type=\"image-gallery.default\">\n\t\t\t\t<div class=\"elementor-widget-container\">\n\t\t\t\t\t\t\t<div class=\"elementor-image-gallery\">\n\t\t\t\n\t\t<style>\n\t\t\t#gallery-1 {\n\t\t\t\tmargin: auto;\n\t\t\t}\n\t\t\t#gallery-1 .gallery-item {\n\t\t\t\tfloat: left;\n\t\t\t\tmargin-top: 10px;\n\t\t\t\ttext-align: center;\n\t\t\t\twidth: 50%;\n\t\t\t}\n\t\t\t#gallery-1 img {\n\t\t\t\tborder: 2px solid #cfcfcf;\n\t\t\t}\n\t\t\t#gallery-1 .gallery-caption {\n\t\t\t\tmargin-left: 0;\n\t\t\t}\n\t\t\t\/* see gallery_shortcode() in wp-includes\/media.php *\/\n\t\t<\/style>\n\t\t<div id='gallery-1' class='gallery galleryid-49027 gallery-columns-2 gallery-size-medium'><dl class='gallery-item'>\n\t\t\t<dt class='gallery-icon portrait'>\n\t\t\t\t<a data-elementor-open-lightbox=\"yes\" data-elementor-lightbox-slideshow=\"354c5f2a\" data-elementor-lightbox-title=\"boron_1L_5L_\" data-e-action-hash=\"#elementor-action%3Aaction%3Dlightbox%26settings%3DeyJpZCI6NDg5NDAsInVybCI6Imh0dHBzOlwvXC9hc3BlYWdyby5jb21cL3dwLWNvbnRlbnRcL3VwbG9hZHNcLzIwMjRcLzAzXC9ib3Jvbl8xTF81TF8tMS1zY2FsZWQuanBnIiwic2xpZGVzaG93IjoiMzU0YzVmMmEifQ%3D%3D\" href='https:\/\/aspeagro.com\/wp-content\/uploads\/2024\/03\/boron_1L_5L_-1-scaled.jpg'><img fetchpriority=\"high\" decoding=\"async\" width=\"212\" height=\"300\" src=\"https:\/\/aspeagro.com\/wp-content\/uploads\/2024\/03\/boron_1L_5L_-1-212x300.jpg\" class=\"attachment-medium size-medium\" alt=\"Micronutrients\" aria-describedby=\"gallery-1-48940\" srcset=\"https:\/\/aspeagro.com\/wp-content\/uploads\/2024\/03\/boron_1L_5L_-1-212x300.jpg 212w, https:\/\/aspeagro.com\/wp-content\/uploads\/2024\/03\/boron_1L_5L_-1-724x1024.jpg 724w, https:\/\/aspeagro.com\/wp-content\/uploads\/2024\/03\/boron_1L_5L_-1-768x1086.jpg 768w, https:\/\/aspeagro.com\/wp-content\/uploads\/2024\/03\/boron_1L_5L_-1-1086x1536.jpg 1086w, https:\/\/aspeagro.com\/wp-content\/uploads\/2024\/03\/boron_1L_5L_-1-1448x2048.jpg 1448w, https:\/\/aspeagro.com\/wp-content\/uploads\/2024\/03\/boron_1L_5L_-1-1200x1697.jpg 1200w, https:\/\/aspeagro.com\/wp-content\/uploads\/2024\/03\/boron_1L_5L_-1-scaled.jpg 1810w\" sizes=\"(max-width: 212px) 100vw, 212px\" \/><\/a>\n\t\t\t<\/dt>\n\t\t\t\t<dd class='wp-caption-text gallery-caption' id='gallery-1-48940'>\n\t\t\t\t<h3>BORON<\/h3><strong>CORRECTEUR DE CARENCES EN BORE<\/strong><br><br><strong>Composition \/ % m\/m<\/strong><br>Bore (B) 11,00 %<br><strong>Composition \/ % p\/v<\/strong><br>Bore (B) 15,40 %<br>Densit\u00e9 : 1,35 \u2013 1,40 @ 18 \u00ba\n\t\t\t\t<\/dd><\/dl><dl class='gallery-item'>\n\t\t\t<dt class='gallery-icon portrait'>\n\t\t\t\t<a data-elementor-open-lightbox=\"yes\" data-elementor-lightbox-slideshow=\"354c5f2a\" data-elementor-lightbox-title=\"boron_solid_pres02_caja_1Kg_\" data-e-action-hash=\"#elementor-action%3Aaction%3Dlightbox%26settings%3DeyJpZCI6NDkzNTcsInVybCI6Imh0dHBzOlwvXC9hc3BlYWdyby5jb21cL3dwLWNvbnRlbnRcL3VwbG9hZHNcLzIwMjRcLzAzXC9ib3Jvbl9zb2xpZF9wcmVzMDJfY2FqYV8xS2dfLTQuanBnIiwic2xpZGVzaG93IjoiMzU0YzVmMmEifQ%3D%3D\" data-elementor-lightbox-description=\"&lt;strong&gt;Boron Solid&lt;\/strong&gt; &lt;br&gt;Solid Boron deficiency corrector\" href='https:\/\/aspeagro.com\/wp-content\/uploads\/2024\/03\/boron_solid_pres02_caja_1Kg_-4.jpg'><img decoding=\"async\" width=\"212\" height=\"300\" src=\"https:\/\/aspeagro.com\/wp-content\/uploads\/2024\/03\/boron_solid_pres02_caja_1Kg_-4-212x300.jpg\" class=\"attachment-medium size-medium\" alt=\"Micronutrients\" aria-describedby=\"gallery-1-49357\" srcset=\"https:\/\/aspeagro.com\/wp-content\/uploads\/2024\/03\/boron_solid_pres02_caja_1Kg_-4-212x300.jpg 212w, https:\/\/aspeagro.com\/wp-content\/uploads\/2024\/03\/boron_solid_pres02_caja_1Kg_-4-724x1024.jpg 724w, https:\/\/aspeagro.com\/wp-content\/uploads\/2024\/03\/boron_solid_pres02_caja_1Kg_-4-768x1086.jpg 768w, https:\/\/aspeagro.com\/wp-content\/uploads\/2024\/03\/boron_solid_pres02_caja_1Kg_-4-1086x1536.jpg 1086w, https:\/\/aspeagro.com\/wp-content\/uploads\/2024\/03\/boron_solid_pres02_caja_1Kg_-4-1448x2048.jpg 1448w, https:\/\/aspeagro.com\/wp-content\/uploads\/2024\/03\/boron_solid_pres02_caja_1Kg_-4-1200x1697.jpg 1200w, https:\/\/aspeagro.com\/wp-content\/uploads\/2024\/03\/boron_solid_pres02_caja_1Kg_-4.jpg 1800w\" sizes=\"(max-width: 212px) 100vw, 212px\" \/><\/a>\n\t\t\t<\/dt>\n\t\t\t\t<dd class='wp-caption-text gallery-caption' id='gallery-1-49357'>\n\t\t\t\t<h3>Boron Solid<\/h3><strong>CORRECTEUR DE CARENCES EN BORE \u2013 FORMULE SOLIDE<\/strong><br><br><strong>Composition \/ % p\/v<\/strong><br>Bore (B) 20,50 %\n\t\t\t\t<\/dd><\/dl><br style=\"clear: both\" \/><dl class='gallery-item'>\n\t\t\t<dt class='gallery-icon portrait'>\n\t\t\t\t<a data-elementor-open-lightbox=\"yes\" data-elementor-lightbox-slideshow=\"354c5f2a\" data-elementor-lightbox-title=\"aa_packing_bolsa_kelom_fe\" data-e-action-hash=\"#elementor-action%3Aaction%3Dlightbox%26settings%3DeyJpZCI6NTA5NjEsInVybCI6Imh0dHBzOlwvXC9hc3BlYWdyby5jb21cL3dwLWNvbnRlbnRcL3VwbG9hZHNcLzIwMjRcLzExXC9hYV9wYWNraW5nX2JvbHNhX2tlbG9tX2ZlLnBuZyIsInNsaWRlc2hvdyI6IjM1NGM1ZjJhIn0%3D\" data-elementor-lightbox-description=\"&lt;strong&gt;Boron Solid&lt;\/strong&gt; &lt;br&gt;Solid Boron deficiency corrector\" href='https:\/\/aspeagro.com\/wp-content\/uploads\/2024\/11\/aa_packing_bolsa_kelom_fe.png'><img decoding=\"async\" width=\"227\" height=\"300\" src=\"https:\/\/aspeagro.com\/wp-content\/uploads\/2024\/11\/aa_packing_bolsa_kelom_fe-227x300.png\" class=\"attachment-medium size-medium\" alt=\"\" aria-describedby=\"gallery-1-50961\" srcset=\"https:\/\/aspeagro.com\/wp-content\/uploads\/2024\/11\/aa_packing_bolsa_kelom_fe-227x300.png 227w, https:\/\/aspeagro.com\/wp-content\/uploads\/2024\/11\/aa_packing_bolsa_kelom_fe-775x1024.png 775w, https:\/\/aspeagro.com\/wp-content\/uploads\/2024\/11\/aa_packing_bolsa_kelom_fe-768x1015.png 768w, https:\/\/aspeagro.com\/wp-content\/uploads\/2024\/11\/aa_packing_bolsa_kelom_fe-1162x1536.png 1162w, https:\/\/aspeagro.com\/wp-content\/uploads\/2024\/11\/aa_packing_bolsa_kelom_fe-1200x1587.png 1200w, https:\/\/aspeagro.com\/wp-content\/uploads\/2024\/11\/aa_packing_bolsa_kelom_fe.png 1310w\" sizes=\"(max-width: 227px) 100vw, 227px\" \/><\/a>\n\t\t\t<\/dt>\n\t\t\t\t<dd class='wp-caption-text gallery-caption' id='gallery-1-50961'>\n\t\t\t\t<h3>Kelom Fe<\/h3><strong>FER CH\u00c9LAT\u00c9 EDDHA<\/strong><br><br><strong>Composition \/ % m\/m<\/strong><br> Fer total EDDHA 6,00 %<br> Fer ch\u00e9lat\u00e9 Ortho-Ortho 4,80 %<br> Fer ch\u00e9lat\u00e9 Ortho-Para 0,30 %<br> Fer total (Fe) 6,00 % + 0,40 %\n\t\t\t\t<\/dd><\/dl><dl class='gallery-item'>\n\t\t\t<dt class='gallery-icon portrait'>\n\t\t\t\t<a data-elementor-open-lightbox=\"yes\" data-elementor-lightbox-slideshow=\"354c5f2a\" data-elementor-lightbox-title=\"borzinc_1L_5L_\" data-e-action-hash=\"#elementor-action%3Aaction%3Dlightbox%26settings%3DeyJpZCI6NDg5NDIsInVybCI6Imh0dHBzOlwvXC9hc3BlYWdyby5jb21cL3dwLWNvbnRlbnRcL3VwbG9hZHNcLzIwMjRcLzAzXC9ib3J6aW5jXzFMXzVMXy0xLXNjYWxlZC5qcGciLCJzbGlkZXNob3ciOiIzNTRjNWYyYSJ9\" data-elementor-lightbox-description=\"&lt;strong&gt;Boron Solid&lt;\/strong&gt; &lt;br&gt;Solid Boron deficiency corrector\" href='https:\/\/aspeagro.com\/wp-content\/uploads\/2024\/03\/borzinc_1L_5L_-1-scaled.jpg'><img loading=\"lazy\" decoding=\"async\" width=\"212\" height=\"300\" src=\"https:\/\/aspeagro.com\/wp-content\/uploads\/2024\/03\/borzinc_1L_5L_-1-212x300.jpg\" class=\"attachment-medium size-medium\" alt=\"Micronutrients\" aria-describedby=\"gallery-1-48942\" srcset=\"https:\/\/aspeagro.com\/wp-content\/uploads\/2024\/03\/borzinc_1L_5L_-1-212x300.jpg 212w, https:\/\/aspeagro.com\/wp-content\/uploads\/2024\/03\/borzinc_1L_5L_-1-724x1024.jpg 724w, https:\/\/aspeagro.com\/wp-content\/uploads\/2024\/03\/borzinc_1L_5L_-1-768x1087.jpg 768w, https:\/\/aspeagro.com\/wp-content\/uploads\/2024\/03\/borzinc_1L_5L_-1-1086x1536.jpg 1086w, https:\/\/aspeagro.com\/wp-content\/uploads\/2024\/03\/borzinc_1L_5L_-1-1448x2048.jpg 1448w, https:\/\/aspeagro.com\/wp-content\/uploads\/2024\/03\/borzinc_1L_5L_-1-1200x1698.jpg 1200w, https:\/\/aspeagro.com\/wp-content\/uploads\/2024\/03\/borzinc_1L_5L_-1-scaled.jpg 1810w\" sizes=\"(max-width: 212px) 100vw, 212px\" \/><\/a>\n\t\t\t<\/dt>\n\t\t\t\t<dd class='wp-caption-text gallery-caption' id='gallery-1-48942'>\n\t\t\t\t<h3>Borzinc<\/h3><strong>CORRECTEUR DE CARENCES EN BORE &amp; ZINC \u2013 SP\u00c9CIAL MA\u00cfS<\/strong><br><br><strong>Composition \/ % p\/v<\/strong><br>Bore (B) 11,5 %<br>Zinc (Zn) 4,0 %<br>Agent ch\u00e9latant :<br>EDTA (acide \u00e9thyl\u00e8nediaminet\u00e9traac\u00e9tique)\n\t\t\t\t<\/dd><\/dl><br style=\"clear: both\" \/><dl class='gallery-item'>\n\t\t\t<dt class='gallery-icon portrait'>\n\t\t\t\t<a data-elementor-open-lightbox=\"yes\" data-elementor-lightbox-slideshow=\"354c5f2a\" data-elementor-lightbox-title=\"kelom_mix_flow\" data-e-action-hash=\"#elementor-action%3Aaction%3Dlightbox%26settings%3DeyJpZCI6NDkzMTgsInVybCI6Imh0dHBzOlwvXC9hc3BlYWdyby5jb21cL3dwLWNvbnRlbnRcL3VwbG9hZHNcLzIwMjRcLzAzXC9rZWxvbV9taXhfZmxvdy1zY2FsZWQuanBnIiwic2xpZGVzaG93IjoiMzU0YzVmMmEifQ%3D%3D\" data-elementor-lightbox-description=\"&lt;strong&gt;Boron Solid&lt;\/strong&gt; &lt;br&gt;Solid Boron deficiency corrector\" href='https:\/\/aspeagro.com\/wp-content\/uploads\/2024\/03\/kelom_mix_flow-scaled.jpg'><img loading=\"lazy\" decoding=\"async\" width=\"212\" height=\"300\" src=\"https:\/\/aspeagro.com\/wp-content\/uploads\/2024\/03\/kelom_mix_flow-212x300.jpg\" class=\"attachment-medium size-medium\" alt=\"\" aria-describedby=\"gallery-1-49318\" srcset=\"https:\/\/aspeagro.com\/wp-content\/uploads\/2024\/03\/kelom_mix_flow-212x300.jpg 212w, https:\/\/aspeagro.com\/wp-content\/uploads\/2024\/03\/kelom_mix_flow-724x1024.jpg 724w, https:\/\/aspeagro.com\/wp-content\/uploads\/2024\/03\/kelom_mix_flow-768x1086.jpg 768w, https:\/\/aspeagro.com\/wp-content\/uploads\/2024\/03\/kelom_mix_flow-1086x1536.jpg 1086w, https:\/\/aspeagro.com\/wp-content\/uploads\/2024\/03\/kelom_mix_flow-1448x2048.jpg 1448w, https:\/\/aspeagro.com\/wp-content\/uploads\/2024\/03\/kelom_mix_flow-1200x1697.jpg 1200w, https:\/\/aspeagro.com\/wp-content\/uploads\/2024\/03\/kelom_mix_flow-scaled.jpg 1810w\" sizes=\"(max-width: 212px) 100vw, 212px\" \/><\/a>\n\t\t\t<\/dt>\n\t\t\t\t<dd class='wp-caption-text gallery-caption' id='gallery-1-49318'>\n\t\t\t\t<h3>Kelom Mix Flow<\/h3><strong>CORRECTEUR LIQUIDE DE CARENCES MULTIPLES<\/strong><br><br><strong>Composition \/ % p\/v<\/strong><br>Fer (Fe) 7,50 %<br>Mangan\u00e8se (Mn) 3,00 %<br>Cuivre (Cu) 0,40 %<br>Zinc (Zn) 5,00 %<br>Bore (B) 0,65 %<br>Molybd\u00e8ne (Mo) 0,20 %<br>\n\t\t\t\t<\/dd><\/dl><dl class='gallery-item'>\n\t\t\t<dt class='gallery-icon portrait'>\n\t\t\t\t<a data-elementor-open-lightbox=\"yes\" data-elementor-lightbox-slideshow=\"354c5f2a\" data-elementor-lightbox-title=\"kelom_mix_solid_bolsa_1Kg_\" data-e-action-hash=\"#elementor-action%3Aaction%3Dlightbox%26settings%3DeyJpZCI6NDkzNTgsInVybCI6Imh0dHBzOlwvXC9hc3BlYWdyby5jb21cL3dwLWNvbnRlbnRcL3VwbG9hZHNcLzIwMjRcLzAzXC9rZWxvbV9taXhfc29saWRfYm9sc2FfMUtnXy00LmpwZyIsInNsaWRlc2hvdyI6IjM1NGM1ZjJhIn0%3D\" data-elementor-lightbox-description=\"&lt;strong&gt;Boron Solid&lt;\/strong&gt; &lt;br&gt;Solid Boron deficiency corrector\" href='https:\/\/aspeagro.com\/wp-content\/uploads\/2024\/03\/kelom_mix_solid_bolsa_1Kg_-4.jpg'><img loading=\"lazy\" decoding=\"async\" width=\"212\" height=\"300\" src=\"https:\/\/aspeagro.com\/wp-content\/uploads\/2024\/03\/kelom_mix_solid_bolsa_1Kg_-4-212x300.jpg\" class=\"attachment-medium size-medium\" alt=\"Micronutrients\" aria-describedby=\"gallery-1-49358\" srcset=\"https:\/\/aspeagro.com\/wp-content\/uploads\/2024\/03\/kelom_mix_solid_bolsa_1Kg_-4-212x300.jpg 212w, https:\/\/aspeagro.com\/wp-content\/uploads\/2024\/03\/kelom_mix_solid_bolsa_1Kg_-4-724x1024.jpg 724w, https:\/\/aspeagro.com\/wp-content\/uploads\/2024\/03\/kelom_mix_solid_bolsa_1Kg_-4-768x1086.jpg 768w, https:\/\/aspeagro.com\/wp-content\/uploads\/2024\/03\/kelom_mix_solid_bolsa_1Kg_-4-1086x1536.jpg 1086w, https:\/\/aspeagro.com\/wp-content\/uploads\/2024\/03\/kelom_mix_solid_bolsa_1Kg_-4-1448x2048.jpg 1448w, https:\/\/aspeagro.com\/wp-content\/uploads\/2024\/03\/kelom_mix_solid_bolsa_1Kg_-4-1200x1697.jpg 1200w, https:\/\/aspeagro.com\/wp-content\/uploads\/2024\/03\/kelom_mix_solid_bolsa_1Kg_-4.jpg 1800w\" sizes=\"(max-width: 212px) 100vw, 212px\" \/><\/a>\n\t\t\t<\/dt>\n\t\t\t\t<dd class='wp-caption-text gallery-caption' id='gallery-1-49358'>\n\t\t\t\t<h3>Kelom Solid<\/h3><strong>CORRECTEUR SOLIDE DE CARENCES MULTIPLES<\/strong><br><br><strong>Composition \/ % p\/v<\/strong><br>Bore (B) 1,5 % <br>Cuivre (Cu) ch\u00e9lat\u00e9 avec EDTA 0,6 % <br>Fer (Fe) ch\u00e9lat\u00e9 avec EDTA 4,00 % <br>Mangan\u00e8se (Mn) ch\u00e9lat\u00e9 avec EDTA 3,00 % <br>Molybd\u00e8ne (Mo) 0,05 % <br>Zinc (Zn) ch\u00e9lat\u00e9 avec EDTA 4,00 %\n\t\t\t\t<\/dd><\/dl><br style=\"clear: both\" \/><dl class='gallery-item'>\n\t\t\t<dt class='gallery-icon portrait'>\n\t\t\t\t<a data-elementor-open-lightbox=\"yes\" data-elementor-lightbox-slideshow=\"354c5f2a\" data-elementor-lightbox-title=\"kelom_zn_solid_pres02_caja_1Kg_\" data-e-action-hash=\"#elementor-action%3Aaction%3Dlightbox%26settings%3DeyJpZCI6NDkzNTYsInVybCI6Imh0dHBzOlwvXC9hc3BlYWdyby5jb21cL3dwLWNvbnRlbnRcL3VwbG9hZHNcLzIwMjRcLzAzXC9rZWxvbV96bl9zb2xpZF9wcmVzMDJfY2FqYV8xS2dfLTIuanBnIiwic2xpZGVzaG93IjoiMzU0YzVmMmEifQ%3D%3D\" data-elementor-lightbox-description=\"&lt;strong&gt;Kelom Zn Solid&lt;\/strong&gt; &lt;br&gt;Solid Zinc deficiency corrector\" href='https:\/\/aspeagro.com\/wp-content\/uploads\/2024\/03\/kelom_zn_solid_pres02_caja_1Kg_-2.jpg'><img loading=\"lazy\" decoding=\"async\" width=\"212\" height=\"300\" src=\"https:\/\/aspeagro.com\/wp-content\/uploads\/2024\/03\/kelom_zn_solid_pres02_caja_1Kg_-2-212x300.jpg\" class=\"attachment-medium size-medium\" alt=\"Micronutrients\" aria-describedby=\"gallery-1-49356\" srcset=\"https:\/\/aspeagro.com\/wp-content\/uploads\/2024\/03\/kelom_zn_solid_pres02_caja_1Kg_-2-212x300.jpg 212w, https:\/\/aspeagro.com\/wp-content\/uploads\/2024\/03\/kelom_zn_solid_pres02_caja_1Kg_-2-724x1024.jpg 724w, https:\/\/aspeagro.com\/wp-content\/uploads\/2024\/03\/kelom_zn_solid_pres02_caja_1Kg_-2-768x1086.jpg 768w, https:\/\/aspeagro.com\/wp-content\/uploads\/2024\/03\/kelom_zn_solid_pres02_caja_1Kg_-2-1086x1536.jpg 1086w, https:\/\/aspeagro.com\/wp-content\/uploads\/2024\/03\/kelom_zn_solid_pres02_caja_1Kg_-2-1448x2048.jpg 1448w, https:\/\/aspeagro.com\/wp-content\/uploads\/2024\/03\/kelom_zn_solid_pres02_caja_1Kg_-2-1200x1697.jpg 1200w, https:\/\/aspeagro.com\/wp-content\/uploads\/2024\/03\/kelom_zn_solid_pres02_caja_1Kg_-2.jpg 1800w\" sizes=\"(max-width: 212px) 100vw, 212px\" \/><\/a>\n\t\t\t<\/dt>\n\t\t\t\t<dd class='wp-caption-text gallery-caption' id='gallery-1-49356'>\n\t\t\t\t<h3>Kelom ZN Solid<\/h3><strong>CORRECTEUR ORGANIQUE SOLIDE COMPLEX\u00c9 EN ZINC<\/strong><br><br><strong>Composition \/ % m\/m<\/strong><br> Zinc (Zn) 30,00 %<br> pH (1 %) : 6,5 \u00b1 0,5\n\t\t\t\t<\/dd><\/dl><dl class='gallery-item'>\n\t\t\t<dt class='gallery-icon portrait'>\n\t\t\t\t<a data-elementor-open-lightbox=\"yes\" data-elementor-lightbox-slideshow=\"354c5f2a\" data-elementor-lightbox-title=\"Kelom_Mn_Zn_kk\" data-e-action-hash=\"#elementor-action%3Aaction%3Dlightbox%26settings%3DeyJpZCI6NDg5NDQsInVybCI6Imh0dHBzOlwvXC9hc3BlYWdyby5jb21cL3dwLWNvbnRlbnRcL3VwbG9hZHNcLzIwMjRcLzAzXC9LZWxvbV9Nbl9abl9ray0xLXNjYWxlZC5qcGciLCJzbGlkZXNob3ciOiIzNTRjNWYyYSJ9\" data-elementor-lightbox-description=\"&lt;strong&gt;Kelom Zn Solid&lt;\/strong&gt; &lt;br&gt;Solid Zinc deficiency corrector\" href='https:\/\/aspeagro.com\/wp-content\/uploads\/2024\/03\/Kelom_Mn_Zn_kk-1-scaled.jpg'><img loading=\"lazy\" decoding=\"async\" width=\"212\" height=\"300\" src=\"https:\/\/aspeagro.com\/wp-content\/uploads\/2024\/03\/Kelom_Mn_Zn_kk-1-212x300.jpg\" class=\"attachment-medium size-medium\" alt=\"Micronutrients\" aria-describedby=\"gallery-1-48944\" srcset=\"https:\/\/aspeagro.com\/wp-content\/uploads\/2024\/03\/Kelom_Mn_Zn_kk-1-212x300.jpg 212w, https:\/\/aspeagro.com\/wp-content\/uploads\/2024\/03\/Kelom_Mn_Zn_kk-1-724x1024.jpg 724w, https:\/\/aspeagro.com\/wp-content\/uploads\/2024\/03\/Kelom_Mn_Zn_kk-1-768x1086.jpg 768w, https:\/\/aspeagro.com\/wp-content\/uploads\/2024\/03\/Kelom_Mn_Zn_kk-1-1086x1536.jpg 1086w, https:\/\/aspeagro.com\/wp-content\/uploads\/2024\/03\/Kelom_Mn_Zn_kk-1-1448x2048.jpg 1448w, https:\/\/aspeagro.com\/wp-content\/uploads\/2024\/03\/Kelom_Mn_Zn_kk-1-1200x1697.jpg 1200w, https:\/\/aspeagro.com\/wp-content\/uploads\/2024\/03\/Kelom_Mn_Zn_kk-1-scaled.jpg 1810w\" sizes=\"(max-width: 212px) 100vw, 212px\" \/><\/a>\n\t\t\t<\/dt>\n\t\t\t\t<dd class='wp-caption-text gallery-caption' id='gallery-1-48944'>\n\t\t\t\t<h3>Kelom Mn Zn Flow<\/h3><strong>CORRECTEUR DE CARENCES EN MANGAN\u00c8SE &amp; ZINC<\/strong><br><br><strong>Composition \/ % p\/v<\/strong><br>Zinc total (Zn) 13,5 %<br>Mangan\u00e8se total (Mn) 13,5 %<br>Azote total (N) 5,8 %<br>Soufre total (S) 15,0 %<br>Densit\u00e9 : 1,55 <br>pH (solution \u00e0 10 %) : 5,5 \u2013 6,5<br><br>\n\t\t\t\t<\/dd><\/dl><br style=\"clear: both\" \/>\n\t\t<\/div>\n\t\t<\/div>\n\t\t\t\t\t\t<\/div>\n\t\t\t\t<\/div>\n\t\t\t\t\t<\/div>\n\t\t\t\t<\/div>\n\t\t\t\t<\/div>","protected":false},"excerpt":{"rendered":"<p>Micronutrients Boron BORON DEFICIENCY CORRECTOR Composition \/ %w\/wBoron (B) 11,00Composition \/ %w\/vBoron (B) 15,40Density: 1,35-1,40 @ 18\u00baC Boron Solid SOLID BORON DEFICIENCY CORRECTOR Composition \/ %w\/vBoron (B) 20,50 Kelom Fe EDDHA CHELATED IRON Composition \/ %w\/w Total EDDHA iron 6,00 Iron chelated Ortho-Ortho 4,80 Iron chelated Ortho-Para 0,30 Total Iron (Fe) 6,00 + 0,40 Borzinc&hellip;<\/p>","protected":false},"author":1,"featured_media":0,"parent":0,"menu_order":0,"comment_status":"closed","ping_status":"closed","template":"elementor_header_footer","meta":{"footnotes":""},"class_list":["post-49027","page","type-page","status-publish","hentry"],"_links":{"self":[{"href":"https:\/\/aspeagro.com\/fr\/wp-json\/wp\/v2\/pages\/49027","targetHints":{"allow":["GET"]}}],"collection":[{"href":"https:\/\/aspeagro.com\/fr\/wp-json\/wp\/v2\/pages"}],"about":[{"href":"https:\/\/aspeagro.com\/fr\/wp-json\/wp\/v2\/types\/page"}],"author":[{"embeddable":true,"href":"https:\/\/aspeagro.com\/fr\/wp-json\/wp\/v2\/users\/1"}],"replies":[{"embeddable":true,"href":"https:\/\/aspeagro.com\/fr\/wp-json\/wp\/v2\/comments?post=49027"}],"version-history":[{"count":20,"href":"https:\/\/aspeagro.com\/fr\/wp-json\/wp\/v2\/pages\/49027\/revisions"}],"predecessor-version":[{"id":51933,"href":"https:\/\/aspeagro.com\/fr\/wp-json\/wp\/v2\/pages\/49027\/revisions\/51933"}],"wp:attachment":[{"href":"https:\/\/aspeagro.com\/fr\/wp-json\/wp\/v2\/media?parent=49027"}],"curies":[{"name":"wp","href":"https:\/\/api.w.org\/{rel}","templated":true}]}}